{"id":172,"date":"2018-03-28T12:37:19","date_gmt":"2018-03-28T12:37:19","guid":{"rendered":"http:\/\/turismoreduena.com\/?page_id=172"},"modified":"2020-07-01T16:17:01","modified_gmt":"2020-07-01T14:17:01","slug":"descargas","status":"publish","type":"page","link":"https:\/\/turismo.reduena.com\/gb\/descargas\/","title":{"rendered":"Downloads"},"content":{"rendered":"<p>[vc_row][vc_column][vc_empty_space height=&#8221;100px&#8221;][\/vc_column][\/vc_row][vc_row][vc_column][vc_column_text]<\/p>\n<h1><span style=\"color: #993300;\"><strong>Downloads<\/strong><\/span><\/h1>\n<hr \/>\n<h1><\/h1>\n<p>[\/vc_column_text][\/vc_column][\/vc_row][vc_row][vc_column css_animation=&#8221;top-to-bottom&#8221; width=&#8221;1\/3&#8243; css=&#8221;.vc_custom_1527682839140{border-right-width: 10px !important;border-left-width: 10px !important;background-color: #f4f4f4 !important;border-left-color: #ffffff !important;border-left-style: solid !important;border-right-color: #ffffff !important;border-right-style: solid !important;}&#8221;][vc_single_image image=&#8221;1256&#8243; img_size=&#8221;full&#8221; alignment=&#8221;center&#8221; onclick=&#8221;custom_link&#8221; img_link_target=&#8221;_blank&#8221; css_animation=&#8221;fadeIn&#8221; link=&#8221;https:\/\/turismo.reduena.com\/wp-content\/uploads\/2018\/10\/Gu\u00eda-tur\u00edstica-REDUE\u00d1A.pdf&#8221; css=&#8221;.vc_custom_1537358586002{margin-bottom: 10px !important;}&#8221; el_class=&#8221;efecto_hover&#8221;][vc_column_text]<\/p>\n<h3 style=\"text-align: left;\"><strong><span style=\"color: #000000;\"><a style=\"color: #000000;\" href=\"https:\/\/turismo.reduena.com\/wp-content\/uploads\/2018\/10\/Gu\u00eda-tur\u00edstica-REDUE\u00d1A.pdf\" target=\"_blank\" rel=\"noopener\">Deployable guide<\/a><\/span><\/strong><\/h3>\n<p>[\/vc_column_text][vc_btn title=&#8221;Download&#8221; style=&#8221;custom&#8221; custom_background=&#8221;#993300&#8243; custom_text=&#8221;#ffffff&#8221; shape=&#8221;square&#8221; align=&#8221;left&#8221; i_icon_fontawesome=&#8221;fa fa-arrow-down&#8221; add_icon=&#8221;true&#8221; link=&#8221;url:http%3A%2F%2Fturismoreduena.com%2Fwp-content%2Fuploads%2F2018%2F10%2FGu%C3%ADa-tur%C3%ADstica-REDUE%C3%91A.pdf||target:%20_blank|&#8221;][\/vc_column][vc_column css_animation=&#8221;top-to-bottom&#8221; width=&#8221;1\/3&#8243; css=&#8221;.vc_custom_1524828855487{border-right-width: 10px !important;border-left-width: 10px !important;background-color: #f4f4f4 !important;border-left-color: #ffffff !important;border-left-style: solid !important;border-right-color: #ffffff !important;border-right-style: solid !important;}&#8221; el_class=&#8221;imagen_inicio2&#8243;][vc_single_image image=&#8221;995&#8243; img_size=&#8221;full&#8221; alignment=&#8221;center&#8221; onclick=&#8221;custom_link&#8221; img_link_target=&#8221;_blank&#8221; css_animation=&#8221;fadeIn&#8221; link=&#8221;https:\/\/turismo.reduena.com\/wp-content\/uploads\/2018\/05\/Mapa-de-rutas-de-REDUE\u00d1A.pdf&#8221; css=&#8221;.vc_custom_1537357832105{margin-bottom: 10px !important;}&#8221; el_class=&#8221;efecto_hover&#8221;][vc_column_text]<\/p>\n<h3 style=\"text-align: left;\"><a href=\"https:\/\/turismo.reduena.com\/wp-content\/uploads\/2018\/05\/Mapa-de-rutas-de-REDUE\u00d1A.pdf\" target=\"_blank\" rel=\"noopener\"><strong><span style=\"color: #000000;\">Routes map<\/span><\/strong><\/a><\/h3>\n<p>[\/vc_column_text][vc_btn title=&#8221;Download&#8221; style=&#8221;custom&#8221; custom_background=&#8221;#993300&#8243; custom_text=&#8221;#ffffff&#8221; shape=&#8221;square&#8221; align=&#8221;left&#8221; i_icon_fontawesome=&#8221;fa fa-arrow-down&#8221; add_icon=&#8221;true&#8221; link=&#8221;url:http%3A%2F%2Fturismoreduena.com%2Fwp-content%2Fuploads%2F2018%2F05%2FMapa-de-rutas-de-REDUE%C3%91A.pdf||target:%20_blank|&#8221;][\/vc_column][vc_column css_animation=&#8221;top-to-bottom&#8221; width=&#8221;1\/3&#8243; css=&#8221;.vc_custom_1527683515829{border-right-width: 10px !important;border-left-width: 10px !important;background-color: #f4f4f4 !important;border-left-color: #ffffff !important;border-left-style: solid !important;border-right-color: #ffffff !important;border-right-style: solid !important;}&#8221; el_class=&#8221;imagen_inicio3&#8243;][\/vc_column][\/vc_row][vc_row][vc_column][vc_empty_space height=&#8221;150px&#8221;][\/vc_column][\/vc_row]<\/p>\n<p>[vc_row][vc_column][vc_column_text]<\/p>\n<h2><span style=\"color: #993300;\"><strong>Audio-guide tourist<\/strong><\/span><\/h2>\n<hr \/>\n<p>[\/vc_column_text][\/vc_column][\/vc_row][vc_row][vc_column css_animation=&#8221;slideInUp&#8221; width=&#8221;1\/3&#8243; css=&#8221;.vc_custom_1533121629539{border-top-width: 5px !important;border-right-width: 5px !important;border-bottom-width: 5px !important;border-left-width: 5px !important;background-color: #222222 !important;border-left-color: #ffffff !important;border-left-style: solid !important;border-right-color: #ffffff !important;border-right-style: solid !important;border-top-color: #ffffff !important;border-top-style: solid !important;border-bottom-color: #ffffff !important;border-bottom-style: solid !important;}&#8221;][vc_column_text]<\/p>\n<h3 style=\"text-align: left;\"><strong><span style=\"color: #ffffff;\">Discovering Redue\u00f1a<\/span><\/strong><\/h3>\n<p>[\/vc_column_text][vc_column_text]<div class=\"sc_fancy_player_container\"><!--[if lt IE 9]><script>document.createElement('audio');<\/script><![endif]-->\n<audio class=\"wp-audio-shortcode\" id=\"audio-172-1\" preload=\"none\" style=\"width: 100%;\" controls=\"controls\"><source type=\"audio\/mpeg\" src=\"https:\/\/turismo.reduena.com\/wp-content\/uploads\/2018\/07\/Pista_1-ENG.mp3?_=1\" \/><a href=\"https:\/\/turismo.reduena.com\/wp-content\/uploads\/2018\/07\/Pista_1-ENG.mp3\">https:\/\/turismo.reduena.com\/wp-content\/uploads\/2018\/07\/Pista_1-ENG.mp3<\/a><\/audio><\/div>[\/vc_column_text][vc_btn title=&#8221;Download&#8221; style=&#8221;custom&#8221; custom_background=&#8221;#222222&#8243; custom_text=&#8221;#ffffff&#8221; shape=&#8221;square&#8221; align=&#8221;left&#8221; i_icon_fontawesome=&#8221;fa fa-arrow-down&#8221; add_icon=&#8221;true&#8221; link=&#8221;url:http%3A%2F%2Fturismoreduena.com%2Fwp-content%2Fuploads%2F2018%2F07%2FPista_1-ENG.mp3||target:%20_blank|&#8221;][\/vc_column][vc_column css_animation=&#8221;slideInUp&#8221; width=&#8221;1\/3&#8243; css=&#8221;.vc_custom_1533122424650{border-top-width: 5px !important;border-right-width: 5px !important;border-bottom-width: 5px !important;border-left-width: 5px !important;background-color: #222222 !important;border-left-color: #ffffff !important;border-left-style: solid !important;border-right-color: #ffffff !important;border-right-style: solid !important;border-top-color: #ffffff !important;border-top-style: solid !important;border-bottom-color: #ffffff !important;border-bottom-style: solid !important;}&#8221; el_class=&#8221;imagen_inicio2&#8243;][vc_column_text]<\/p>\n<h3 style=\"text-align: left;\"><strong><span style=\"color: #ffffff;\">A journey through History<\/span><\/strong><\/h3>\n<p>[\/vc_column_text][vc_column_text]<div class=\"sc_fancy_player_container\"><audio class=\"wp-audio-shortcode\" id=\"audio-172-2\" preload=\"none\" style=\"width: 100%;\" controls=\"controls\"><source type=\"audio\/mpeg\" src=\"https:\/\/turismo.reduena.com\/wp-content\/uploads\/2018\/07\/Pista_2-ENG.mp3?_=2\" \/><a href=\"https:\/\/turismo.reduena.com\/wp-content\/uploads\/2018\/07\/Pista_2-ENG.mp3\">https:\/\/turismo.reduena.com\/wp-content\/uploads\/2018\/07\/Pista_2-ENG.mp3<\/a><\/audio><\/div>[\/vc_column_text][vc_btn title=&#8221;Download&#8221; style=&#8221;custom&#8221; custom_background=&#8221;#222222&#8243; custom_text=&#8221;#ffffff&#8221; shape=&#8221;square&#8221; align=&#8221;left&#8221; i_icon_fontawesome=&#8221;fa fa-arrow-down&#8221; add_icon=&#8221;true&#8221; link=&#8221;url:http%3A%2F%2Fturismoreduena.com%2Fwp-content%2Fuploads%2F2018%2F07%2FPista_2-ENG.mp3||target:%20_blank|&#8221;][\/vc_column][vc_column css_animation=&#8221;slideInUp&#8221; width=&#8221;1\/3&#8243; css=&#8221;.vc_custom_1533121650533{border-top-width: 5px !important;border-right-width: 5px !important;border-bottom-width: 5px !important;border-left-width: 5px !important;background-color: #222222 !important;border-left-color: #ffffff !important;border-left-style: solid !important;border-right-color: #ffffff !important;border-right-style: solid !important;border-top-color: #ffffff !important;border-top-style: solid !important;border-bottom-color: #ffffff !important;border-bottom-style: solid !important;}&#8221; el_class=&#8221;imagen_inicio3&#8243;][vc_column_text]<\/p>\n<h3 style=\"text-align: left;\"><strong><span style=\"color: #ffffff;\">Places of interest<\/span><\/strong><\/h3>\n<p>[\/vc_column_text][vc_column_text]<div class=\"sc_fancy_player_container\"><audio class=\"wp-audio-shortcode\" id=\"audio-172-3\" preload=\"none\" style=\"width: 100%;\" controls=\"controls\"><source type=\"audio\/mpeg\" src=\"https:\/\/turismo.reduena.com\/wp-content\/uploads\/2018\/07\/Pista_3-ENG.mp3?_=3\" \/><a href=\"https:\/\/turismo.reduena.com\/wp-content\/uploads\/2018\/07\/Pista_3-ENG.mp3\">https:\/\/turismo.reduena.com\/wp-content\/uploads\/2018\/07\/Pista_3-ENG.mp3<\/a><\/audio><\/div>[\/vc_column_text][vc_btn title=&#8221;Download&#8221; style=&#8221;custom&#8221; custom_background=&#8221;#222222&#8243; custom_text=&#8221;#ffffff&#8221; shape=&#8221;square&#8221; align=&#8221;left&#8221; i_icon_fontawesome=&#8221;fa fa-arrow-down&#8221; add_icon=&#8221;true&#8221; link=&#8221;url:http%3A%2F%2Fturismoreduena.com%2Fwp-content%2Fuploads%2F2018%2F07%2FPista_3-ENG.mp3||target:%20_blank|&#8221;][\/vc_column][\/vc_row][vc_row][vc_column width=&#8221;1\/3&#8243; css=&#8221;.vc_custom_1533122603997{border-top-width: 5px !important;border-right-width: 5px !important;border-bottom-width: 5px !important;border-left-width: 5px !important;background-color: #222222 !important;border-left-color: #ffffff !important;border-left-style: solid !important;border-right-color: #ffffff !important;border-right-style: solid !important;border-top-color: #ffffff !important;border-top-style: solid !important;border-bottom-color: #ffffff !important;border-bottom-style: solid !important;}&#8221; el_class=&#8221;imagen_inicio2&#8243;][vc_column_text]<\/p>\n<h3 style=\"text-align: left;\"><span style=\"color: #ffffff;\"><strong>Go all over our routes<\/strong><\/span><\/h3>\n<p>[\/vc_column_text][vc_column_text]<div class=\"sc_fancy_player_container\"><audio class=\"wp-audio-shortcode\" id=\"audio-172-4\" preload=\"none\" style=\"width: 100%;\" controls=\"controls\"><source type=\"audio\/mpeg\" src=\"https:\/\/turismo.reduena.com\/wp-content\/uploads\/2018\/07\/Pista_4-ENG.mp3?_=4\" \/><a href=\"https:\/\/turismo.reduena.com\/wp-content\/uploads\/2018\/07\/Pista_4-ENG.mp3\">https:\/\/turismo.reduena.com\/wp-content\/uploads\/2018\/07\/Pista_4-ENG.mp3<\/a><\/audio><\/div>[\/vc_column_text][vc_btn title=&#8221;Download&#8221; style=&#8221;custom&#8221; custom_background=&#8221;#222222&#8243; custom_text=&#8221;#ffffff&#8221; shape=&#8221;square&#8221; align=&#8221;left&#8221; i_icon_fontawesome=&#8221;fa fa-arrow-down&#8221; add_icon=&#8221;true&#8221; link=&#8221;url:http%3A%2F%2Fturismoreduena.com%2Fwp-content%2Fuploads%2F2018%2F07%2FPista_4-ENG.mp3||target:%20_blank|&#8221;][\/vc_column][vc_column width=&#8221;1\/3&#8243; css=&#8221;.vc_custom_1533122608762{border-top-width: 5px !important;border-right-width: 5px !important;border-bottom-width: 5px !important;border-left-width: 5px !important;background-color: #222222 !important;border-left-color: #ffffff !important;border-left-style: solid !important;border-right-color: #ffffff !important;border-right-style: solid !important;border-top-color: #ffffff !important;border-top-style: solid !important;border-bottom-color: #ffffff !important;border-bottom-style: solid !important;}&#8221; el_class=&#8221;imagen_inicio3&#8243;][vc_column_text]<\/p>\n<h3 style=\"text-align: left;\"><strong><span style=\"color: #ffffff;\">Enjoy our natural environment<\/span><\/strong><\/h3>\n<p>[\/vc_column_text][vc_column_text]<div class=\"sc_fancy_player_container\"><audio class=\"wp-audio-shortcode\" id=\"audio-172-5\" preload=\"none\" style=\"width: 100%;\" controls=\"controls\"><source type=\"audio\/mpeg\" src=\"https:\/\/turismo.reduena.com\/wp-content\/uploads\/2018\/07\/Pista_5-ENG.mp3?_=5\" \/><a href=\"https:\/\/turismo.reduena.com\/wp-content\/uploads\/2018\/07\/Pista_5-ENG.mp3\">https:\/\/turismo.reduena.com\/wp-content\/uploads\/2018\/07\/Pista_5-ENG.mp3<\/a><\/audio><\/div>[\/vc_column_text][vc_btn title=&#8221;Download&#8221; style=&#8221;custom&#8221; custom_background=&#8221;#222222&#8243; custom_text=&#8221;#ffffff&#8221; shape=&#8221;square&#8221; align=&#8221;left&#8221; i_icon_fontawesome=&#8221;fa fa-arrow-down&#8221; add_icon=&#8221;true&#8221; link=&#8221;url:http%3A%2F%2Fturismoreduena.com%2Fwp-content%2Fuploads%2F2018%2F07%2FPista_5-ENG.mp3||target:%20_blank|&#8221;][\/vc_column][vc_column width=&#8221;1\/3&#8243; css=&#8221;.vc_custom_1533043909249{background-color: #222222 !important;border: 5px solid #ffffff !important;}&#8221;][vc_column_text]<\/p>\n<h3 style=\"text-align: left;\"><strong><span style=\"color: #ffffff;\">Agroecology<\/span><\/strong><\/h3>\n<p>[\/vc_column_text][vc_column_text]<div class=\"sc_fancy_player_container\"><audio class=\"wp-audio-shortcode\" id=\"audio-172-6\" preload=\"none\" style=\"width: 100%;\" controls=\"controls\"><source type=\"audio\/mpeg\" src=\"https:\/\/turismo.reduena.com\/wp-content\/uploads\/2018\/07\/Pista_6-ENG.mp3?_=6\" \/><a href=\"https:\/\/turismo.reduena.com\/wp-content\/uploads\/2018\/07\/Pista_6-ENG.mp3\">https:\/\/turismo.reduena.com\/wp-content\/uploads\/2018\/07\/Pista_6-ENG.mp3<\/a><\/audio><\/div>[\/vc_column_text][vc_btn title=&#8221;Download&#8221; style=&#8221;custom&#8221; custom_background=&#8221;#222222&#8243; custom_text=&#8221;#ffffff&#8221; shape=&#8221;square&#8221; align=&#8221;left&#8221; i_icon_fontawesome=&#8221;fa fa-arrow-down&#8221; add_icon=&#8221;true&#8221; link=&#8221;url:http%3A%2F%2Fturismoreduena.com%2Fwp-content%2Fuploads%2F2018%2F07%2FPista_6-ENG.mp3||target:%20_blank|&#8221;][\/vc_column][\/vc_row][vc_row][vc_column width=&#8221;1\/3&#8243; css=&#8221;.vc_custom_1533122456905{border-top-width: 5px !important;border-right-width: 5px !important;border-bottom-width: 5px !important;border-left-width: 5px !important;background-color: #222222 !important;border-left-color: #ffffff !important;border-left-style: solid !important;border-right-color: #ffffff !important;border-right-style: solid !important;border-top-color: #ffffff !important;border-top-style: solid !important;border-bottom-color: #ffffff !important;border-bottom-style: solid !important;}&#8221; el_class=&#8221;imagen_inicio3&#8243;][vc_column_text]<\/p>\n<h3 style=\"text-align: left;\"><span style=\"color: #ffffff;\"><strong>Route \u201cPath for All\u201d<\/strong><\/span><\/h3>\n<p>[\/vc_column_text][vc_column_text]<div class=\"sc_fancy_player_container\"><audio class=\"wp-audio-shortcode\" id=\"audio-172-7\" preload=\"none\" style=\"width: 100%;\" controls=\"controls\"><source type=\"audio\/mpeg\" src=\"https:\/\/turismo.reduena.com\/wp-content\/uploads\/2018\/07\/Pista_7-ENG.mp3?_=7\" \/><a href=\"https:\/\/turismo.reduena.com\/wp-content\/uploads\/2018\/07\/Pista_7-ENG.mp3\">https:\/\/turismo.reduena.com\/wp-content\/uploads\/2018\/07\/Pista_7-ENG.mp3<\/a><\/audio><\/div>[\/vc_column_text][vc_btn title=&#8221;Download&#8221; style=&#8221;custom&#8221; custom_background=&#8221;#222222&#8243; custom_text=&#8221;#ffffff&#8221; shape=&#8221;square&#8221; align=&#8221;left&#8221; i_icon_fontawesome=&#8221;fa fa-arrow-down&#8221; add_icon=&#8221;true&#8221; link=&#8221;url:http%3A%2F%2Fturismoreduena.com%2Fwp-content%2Fuploads%2F2018%2F07%2FPista_7-ENG.mp3||target:%20_blank|&#8221;][\/vc_column][vc_column width=&#8221;1\/3&#8243; css=&#8221;.vc_custom_1533043895855{background-color: #222222 !important;border: 5px solid #ffffff !important;}&#8221;][vc_column_text]<\/p>\n<h3 style=\"text-align: left;\"><strong><span style=\"color: #ffffff;\">Western Way of Santiago<\/span><\/strong><\/h3>\n<p>[\/vc_column_text][vc_column_text]<div class=\"sc_fancy_player_container\"><audio class=\"wp-audio-shortcode\" id=\"audio-172-8\" preload=\"none\" style=\"width: 100%;\" controls=\"controls\"><source type=\"audio\/mpeg\" src=\"https:\/\/turismo.reduena.com\/wp-content\/uploads\/2018\/07\/Pista_8-ENG.mp3?_=8\" \/><a href=\"https:\/\/turismo.reduena.com\/wp-content\/uploads\/2018\/07\/Pista_8-ENG.mp3\">https:\/\/turismo.reduena.com\/wp-content\/uploads\/2018\/07\/Pista_8-ENG.mp3<\/a><\/audio><\/div>[\/vc_column_text][vc_btn title=&#8221;Download&#8221; style=&#8221;custom&#8221; custom_background=&#8221;#222222&#8243; custom_text=&#8221;#ffffff&#8221; shape=&#8221;square&#8221; align=&#8221;left&#8221; i_icon_fontawesome=&#8221;fa fa-arrow-down&#8221; add_icon=&#8221;true&#8221; link=&#8221;url:http%3A%2F%2Fturismoreduena.com%2Fwp-content%2Fuploads%2F2018%2F07%2FPista_8-ENG.mp3||target:%20_blank|&#8221;][\/vc_column][vc_column width=&#8221;1\/3&#8243; css=&#8221;.vc_custom_1533122647290{border-top-width: 5px !important;border-right-width: 5px !important;border-bottom-width: 5px !important;border-left-width: 5px !important;background-color: #222222 !important;border-left-color: #ffffff !important;border-left-style: solid !important;border-right-color: #ffffff !important;border-right-style: solid !important;border-top-color: #ffffff !important;border-top-style: solid !important;border-bottom-color: #ffffff !important;border-bottom-style: solid !important;}&#8221; el_class=&#8221;imagen_inicio2&#8243;][vc_column_text]<\/p>\n<h3 style=\"text-align: left;\"><strong><span style=\"color: #ffffff;\">CiclaMadrid<\/span><\/strong><\/h3>\n<p>[\/vc_column_text][vc_column_text]<div class=\"sc_fancy_player_container\"><audio class=\"wp-audio-shortcode\" id=\"audio-172-9\" preload=\"none\" style=\"width: 100%;\" controls=\"controls\"><source type=\"audio\/mpeg\" src=\"https:\/\/turismo.reduena.com\/wp-content\/uploads\/2018\/07\/Pista_9-ENG.mp3?_=9\" \/><a href=\"https:\/\/turismo.reduena.com\/wp-content\/uploads\/2018\/07\/Pista_9-ENG.mp3\">https:\/\/turismo.reduena.com\/wp-content\/uploads\/2018\/07\/Pista_9-ENG.mp3<\/a><\/audio><\/div>[\/vc_column_text][vc_btn title=&#8221;Download&#8221; style=&#8221;custom&#8221; custom_background=&#8221;#222222&#8243; custom_text=&#8221;#ffffff&#8221; shape=&#8221;square&#8221; align=&#8221;left&#8221; i_icon_fontawesome=&#8221;fa fa-arrow-down&#8221; add_icon=&#8221;true&#8221; link=&#8221;url:http%3A%2F%2Fturismoreduena.com%2Fwp-content%2Fuploads%2F2018%2F07%2FPista_9-ENG.mp3||target:%20_blank|&#8221;][\/vc_column][\/vc_row][vc_row][vc_column width=&#8221;1\/3&#8243; css=&#8221;.vc_custom_1533122474738{border-top-width: 5px !important;border-right-width: 5px !important;border-bottom-width: 5px !important;border-left-width: 5px !important;background-color: #222222 !important;border-left-color: #ffffff !important;border-left-style: solid !important;border-right-color: #ffffff !important;border-right-style: solid !important;border-top-color: #ffffff !important;border-top-style: solid !important;border-bottom-color: #ffffff !important;border-bottom-style: solid !important;}&#8221; el_class=&#8221;imagen_inicio3&#8243;][vc_column_text]<\/p>\n<h3 style=\"text-align: left;\"><strong><span style=\"color: #ffffff;\">Road network &#8211; Carpetania<\/span><\/strong><\/h3>\n<p>[\/vc_column_text][vc_column_text]<div class=\"sc_fancy_player_container\"><audio class=\"wp-audio-shortcode\" id=\"audio-172-10\" preload=\"none\" style=\"width: 100%;\" controls=\"controls\"><source type=\"audio\/mpeg\" src=\"https:\/\/turismo.reduena.com\/wp-content\/uploads\/2018\/07\/Pista_10-ENG.mp3?_=10\" \/><a href=\"https:\/\/turismo.reduena.com\/wp-content\/uploads\/2018\/07\/Pista_10-ENG.mp3\">https:\/\/turismo.reduena.com\/wp-content\/uploads\/2018\/07\/Pista_10-ENG.mp3<\/a><\/audio><\/div>[\/vc_column_text][vc_btn title=&#8221;Download&#8221; style=&#8221;custom&#8221; custom_background=&#8221;#222222&#8243; custom_text=&#8221;#ffffff&#8221; shape=&#8221;square&#8221; align=&#8221;left&#8221; i_icon_fontawesome=&#8221;fa fa-arrow-down&#8221; add_icon=&#8221;true&#8221; link=&#8221;url:http%3A%2F%2Fturismoreduena.com%2Fwp-content%2Fuploads%2F2018%2F07%2FPista_10-ENG.mp3||target:%20_blank|&#8221;][\/vc_column][vc_column width=&#8221;1\/3&#8243; css=&#8221;.vc_custom_1533122469198{border-top-width: 5px !important;border-right-width: 5px !important;border-bottom-width: 5px !important;border-left-width: 5px !important;background-color: #222222 !important;border-left-color: #ffffff !important;border-left-style: solid !important;border-right-color: #ffffff !important;border-right-style: solid !important;border-top-color: #ffffff !important;border-top-style: solid !important;border-bottom-color: #ffffff !important;border-bottom-style: solid !important;}&#8221; el_class=&#8221;imagen_inicio2&#8243;][vc_column_text]<\/p>\n<h3 style=\"text-align: left;\"><strong><span style=\"color: #ffffff;\">Urban Route<\/span><\/strong><\/h3>\n<p>[\/vc_column_text][vc_column_text]<div class=\"sc_fancy_player_container\"><audio class=\"wp-audio-shortcode\" id=\"audio-172-11\" preload=\"none\" style=\"width: 100%;\" controls=\"controls\"><source type=\"audio\/mpeg\" src=\"https:\/\/turismo.reduena.com\/wp-content\/uploads\/2018\/07\/Pista_11-ENG.mp3?_=11\" \/><a href=\"https:\/\/turismo.reduena.com\/wp-content\/uploads\/2018\/07\/Pista_11-ENG.mp3\">https:\/\/turismo.reduena.com\/wp-content\/uploads\/2018\/07\/Pista_11-ENG.mp3<\/a><\/audio><\/div>[\/vc_column_text][vc_btn title=&#8221;Download&#8221; style=&#8221;custom&#8221; custom_background=&#8221;#222222&#8243; custom_text=&#8221;#ffffff&#8221; shape=&#8221;square&#8221; align=&#8221;left&#8221; i_icon_fontawesome=&#8221;fa fa-arrow-down&#8221; add_icon=&#8221;true&#8221; link=&#8221;url:http%3A%2F%2Fturismoreduena.com%2Fwp-content%2Fuploads%2F2018%2F07%2FPista_11-ENG.mp3||target:%20_blank|&#8221;][\/vc_column][vc_column width=&#8221;1\/3&#8243; css=&#8221;.vc_custom_1533043909249{background-color: #222222 !important;border: 5px solid #ffffff !important;}&#8221;][vc_column_text]<\/p>\n<h3 style=\"text-align: left;\"><strong><span style=\"color: #ffffff;\">Edible Arboretum<\/span><\/strong><\/h3>\n<p>[\/vc_column_text][vc_column_text]<div class=\"sc_fancy_player_container\"><audio class=\"wp-audio-shortcode\" id=\"audio-172-12\" preload=\"none\" style=\"width: 100%;\" controls=\"controls\"><source type=\"audio\/mpeg\" src=\"https:\/\/turismo.reduena.com\/wp-content\/uploads\/2018\/07\/Pista_12-ENG.mp3?_=12\" \/><a href=\"https:\/\/turismo.reduena.com\/wp-content\/uploads\/2018\/07\/Pista_12-ENG.mp3\">https:\/\/turismo.reduena.com\/wp-content\/uploads\/2018\/07\/Pista_12-ENG.mp3<\/a><\/audio><\/div>[\/vc_column_text][vc_btn title=&#8221;Download&#8221; style=&#8221;custom&#8221; custom_background=&#8221;#222222&#8243; custom_text=&#8221;#ffffff&#8221; shape=&#8221;square&#8221; align=&#8221;left&#8221; i_icon_fontawesome=&#8221;fa fa-arrow-down&#8221; add_icon=&#8221;true&#8221; link=&#8221;url:http%3A%2F%2Fturismoreduena.com%2Fwp-content%2Fuploads%2F2018%2F07%2FPista_12-ENG.mp3||target:%20_blank|&#8221;][\/vc_column][\/vc_row][vc_row][vc_column][vc_empty_space height=&#8221;150px&#8221;][\/vc_column][\/vc_row]<\/p>\n","protected":false},"excerpt":{"rendered":"<p>[vc_row][vc_column][vc_empty_space height=&#8221;100px&#8221;][\/vc_column][\/vc_row][vc_row][vc_column][vc_column_text] Downloads [\/vc_column_text][\/vc_column][\/vc_row][vc_row][vc_column css_animation=&#8221;top-to-bottom&#8221; width=&#8221;1\/3&#8243; css=&#8221;.vc_custom_1527682839140{border-right-width: 10px !important;border-left-width: 10px !important;background-color: #f4f4f4 !important;border-left-color: #ffffff !important;border-left-style: solid !important;border-right-color: #ffffff !important;border-right-style: solid !important;}&#8221;][vc_single_image image=&#8221;1256&#8243; img_size=&#8221;full&#8221; alignment=&#8221;center&#8221; onclick=&#8221;custom_link&#8221; img_link_target=&#8221;_blank&#8221; css_animation=&#8221;fadeIn&#8221; link=&#8221;https:\/\/turismo.reduena.com\/wp-content\/uploads\/2018\/10\/Gu\u00eda-tur\u00edstica-REDUE\u00d1A.pdf&#8221; css=&#8221;.vc_custom_1537358586002{margin-bottom: 10px !important;}&#8221; el_class=&#8221;efecto_hover&#8221;][vc_column_text] Deployable guide [\/vc_column_text][vc_btn title=&#8221;Download&#8221; style=&#8221;custom&#8221; custom_background=&#8221;#993300&#8243; custom_text=&#8221;#ffffff&#8221; shape=&#8221;square&#8221; align=&#8221;left&#8221; i_icon_fontawesome=&#8221;fa fa-arrow-down&#8221; add_icon=&#8221;true&#8221; link=&#8221;url:http%3A%2F%2Fturismoreduena.com%2Fwp-content%2Fuploads%2F2018%2F10%2FGu%C3%ADa-tur%C3%ADstica-REDUE%C3%91A.pdf||target:%20_blank|&#8221;][\/vc_column][vc_column css_animation=&#8221;top-to-bottom&#8221; width=&#8221;1\/3&#8243; css=&#8221;.vc_custom_1524828855487{border-right-width: 10px !important;border-left-width: 10px !important;background-color: #f4f4f4 !important;border-left-color: #ffffff&hellip; <a class=\"continue\" href=\"https:\/\/turismo.reduena.com\/gb\/descargas\/\">Leer m\u00e1s<span> Downloads<\/span><\/a> [&#8230;]<\/p>\n<p><a class=\"btn btn-default vslmd-read-more-link\" href=\"https:\/\/turismo.reduena.com\/gb\/descargas\/\">Read More<\/a><\/p>\n","protected":false},"author":1,"featured_media":0,"parent":0,"menu_order":0,"comment_status":"closed","ping_status":"closed","template":"","meta":{"footnotes":""},"class_list":["post-172","page","type-page","status-publish","hentry"],"_links":{"self":[{"href":"https:\/\/turismo.reduena.com\/gb\/wp-json\/wp\/v2\/pages\/172","targetHints":{"allow":["GET"]}}],"collection":[{"href":"https:\/\/turismo.reduena.com\/gb\/wp-json\/wp\/v2\/pages"}],"about":[{"href":"https:\/\/turismo.reduena.com\/gb\/wp-json\/wp\/v2\/types\/page"}],"author":[{"embeddable":true,"href":"https:\/\/turismo.reduena.com\/gb\/wp-json\/wp\/v2\/users\/1"}],"replies":[{"embeddable":true,"href":"https:\/\/turismo.reduena.com\/gb\/wp-json\/wp\/v2\/comments?post=172"}],"version-history":[{"count":114,"href":"https:\/\/turismo.reduena.com\/gb\/wp-json\/wp\/v2\/pages\/172\/revisions"}],"predecessor-version":[{"id":1370,"href":"https:\/\/turismo.reduena.com\/gb\/wp-json\/wp\/v2\/pages\/172\/revisions\/1370"}],"wp:attachment":[{"href":"https:\/\/turismo.reduena.com\/gb\/wp-json\/wp\/v2\/media?parent=172"}],"curies":[{"name":"wp","href":"https:\/\/api.w.org\/{rel}","templated":true}]}}